{"id":9,"date":"2024-02-19T20:38:52","date_gmt":"2024-02-19T20:38:52","guid":{"rendered":"https:\/\/www.fischervonmollard.de\/?page_id=9"},"modified":"2024-02-19T21:01:41","modified_gmt":"2024-02-19T21:01:41","slug":"instrumente","status":"publish","type":"page","link":"https:\/\/www.fischervonmollard.de\/?page_id=9","title":{"rendered":"Verwendete Instrumente"},"content":{"rendered":"\n<h2 class=\"wp-block-heading\">Die Blockfl\u00f6ten<\/h2>\n\n\n\n<ul class=\"wp-block-list\">\n<li>Tenorfl\u00f6te aus Ahornholz<\/li>\n\n\n\n<li>Altfl\u00f6te aus Palisander<\/li>\n\n\n\n<li>Sopranfl\u00f6te aus Ebenholz<\/li>\n\n\n\n<li>Sopranino aus Pflaumenholz<\/li>\n\n\n\n<li>Garkleinfl\u00f6te aus Rosenholz<\/li>\n<\/ul>\n\n\n\n<figure class=\"wp-block-image size-full\"><img loading=\"lazy\" decoding=\"async\" width=\"480\" height=\"360\" src=\"https:\/\/www.fischervonmollard.de\/wp-content\/uploads\/2024\/02\/Blockfloeten.jpg\" alt=\"\" class=\"wp-image-47\"\/><\/figure>\n\n\n\n<h2 class=\"wp-block-heading\">Die B\u00f6hmfl\u00f6ten<\/h2>\n\n\n\n<ul class=\"wp-block-list\">\n<li>Bassfl\u00f6te in c<\/li>\n\n\n\n<li>Altfl\u00f6te in g<\/li>\n\n\n\n<li>C-Fl\u00f6te<\/li>\n<\/ul>\n\n\n\n<figure class=\"wp-block-image size-full\"><img loading=\"lazy\" decoding=\"async\" width=\"695\" height=\"367\" src=\"https:\/\/www.fischervonmollard.de\/wp-content\/uploads\/2024\/02\/Querfloeten.jpg\" alt=\"\" class=\"wp-image-48\"\/><\/figure>\n\n\n\n<h2 class=\"wp-block-heading\">Die Traversfl\u00f6ten<\/h2>\n\n\n\n<ul class=\"wp-block-list\">\n<li>Klappenfl\u00f6te aus Buchsbaum, um 1850<\/li>\n\n\n\n<li>Traversfl\u00f6te nach Rottenburgh<\/li>\n<\/ul>\n\n\n\n<figure class=\"wp-block-image size-full\"><img loading=\"lazy\" decoding=\"async\" width=\"653\" height=\"365\" src=\"https:\/\/www.fischervonmollard.de\/wp-content\/uploads\/2024\/02\/Traverso.jpg\" alt=\"\" class=\"wp-image-49\"\/><\/figure>\n\n\n\n<h2 class=\"wp-block-heading\">Die Gemsh\u00f6rner<\/h2>\n\n\n\n<ul class=\"wp-block-list\">\n<li>Sopran<\/li>\n\n\n\n<li>Alt<\/li>\n\n\n\n<li>Tenor<\/li>\n\n\n\n<li>Bass<\/li>\n<\/ul>\n\n\n\n<p>aus poliertem Rinderhorn gefertigt von Rainer Schwarze<\/p>\n\n\n\n<figure class=\"wp-block-image size-full\"><img loading=\"lazy\" decoding=\"async\" width=\"640\" height=\"480\" src=\"https:\/\/www.fischervonmollard.de\/wp-content\/uploads\/2024\/02\/gemshoerner.jpeg\" alt=\"\" class=\"wp-image-50\"\/><\/figure>\n\n\n\n<h2 class=\"wp-block-heading\">Der Konzertfl\u00fcgel<\/h2>\n\n\n\n<p>Steinway &amp; Sons<\/p>\n\n\n\n<figure class=\"wp-block-image size-full\"><img loading=\"lazy\" decoding=\"async\" width=\"480\" height=\"640\" src=\"https:\/\/www.fischervonmollard.de\/wp-content\/uploads\/2024\/02\/fluegel1.jpg\" alt=\"\" class=\"wp-image-51\"\/><\/figure>\n\n\n\n<figure class=\"wp-block-image size-full\"><img loading=\"lazy\" decoding=\"async\" width=\"640\" height=\"480\" src=\"https:\/\/www.fischervonmollard.de\/wp-content\/uploads\/2024\/02\/fluegel2.jpg\" alt=\"\" class=\"wp-image-52\"\/><\/figure>\n","protected":false},"excerpt":{"rendered":"<p>Die Blockfl\u00f6ten Die B\u00f6hmfl\u00f6ten Die Traversfl\u00f6ten Die Gemsh\u00f6rner aus poliertem Rinderhorn gefertigt von Rainer Schwarze Der Konzertfl\u00fcgel Steinway &amp; Sons<\/p>\n","protected":false},"author":1,"featured_media":0,"parent":0,"menu_order":0,"comment_status":"closed","ping_status":"closed","template":"","meta":{"footnotes":""},"class_list":["post-9","page","type-page","status-publish","hentry","post-preview"],"yoast_head":"<!-- This site is optimized with the Yoast SEO plugin v27.4 - https:\/\/yoast.com\/product\/yoast-seo-wordpress\/ -->\n<title>Verwendete Instrumente - Christiane Fischer-von-Mollard<\/title>\n<meta name=\"robots\" content=\"index, follow, max-snippet:-1, max-image-preview:large, max-video-preview:-1\" \/>\n<link rel=\"canonical\" href=\"https:\/\/www.fischervonmollard.de\/?page_id=9\" \/>\n<meta property=\"og:locale\" content=\"de_DE\" \/>\n<meta property=\"og:type\" content=\"article\" \/>\n<meta property=\"og:title\" content=\"Verwendete Instrumente - Christiane Fischer-von-Mollard\" \/>\n<meta property=\"og:description\" content=\"Die Blockfl\u00f6ten Die B\u00f6hmfl\u00f6ten Die Traversfl\u00f6ten Die Gemsh\u00f6rner aus poliertem Rinderhorn gefertigt von Rainer Schwarze Der Konzertfl\u00fcgel Steinway &amp; Sons\" \/>\n<meta property=\"og:url\" content=\"https:\/\/www.fischervonmollard.de\/?page_id=9\" \/>\n<meta property=\"og:site_name\" content=\"Christiane Fischer-von-Mollard\" \/>\n<meta property=\"article:modified_time\" content=\"2024-02-19T21:01:41+00:00\" \/>\n<meta property=\"og:image\" content=\"https:\/\/www.fischervonmollard.de\/wp-content\/uploads\/2024\/02\/Blockfloeten.jpg\" \/>\n<meta name=\"twitter:card\" content=\"summary_large_image\" \/>\n<script type=\"application\/ld+json\" class=\"yoast-schema-graph\">{\"@context\":\"https:\\\/\\\/schema.org\",\"@graph\":[{\"@type\":\"WebPage\",\"@id\":\"https:\\\/\\\/www.fischervonmollard.de\\\/?page_id=9\",\"url\":\"https:\\\/\\\/www.fischervonmollard.de\\\/?page_id=9\",\"name\":\"Verwendete Instrumente - Christiane Fischer-von-Mollard\",\"isPartOf\":{\"@id\":\"https:\\\/\\\/www.fischervonmollard.de\\\/#website\"},\"primaryImageOfPage\":{\"@id\":\"https:\\\/\\\/www.fischervonmollard.de\\\/?page_id=9#primaryimage\"},\"image\":{\"@id\":\"https:\\\/\\\/www.fischervonmollard.de\\\/?page_id=9#primaryimage\"},\"thumbnailUrl\":\"https:\\\/\\\/www.fischervonmollard.de\\\/wp-content\\\/uploads\\\/2024\\\/02\\\/Blockfloeten.jpg\",\"datePublished\":\"2024-02-19T20:38:52+00:00\",\"dateModified\":\"2024-02-19T21:01:41+00:00\",\"breadcrumb\":{\"@id\":\"https:\\\/\\\/www.fischervonmollard.de\\\/?page_id=9#breadcrumb\"},\"inLanguage\":\"de\",\"potentialAction\":[{\"@type\":\"ReadAction\",\"target\":[\"https:\\\/\\\/www.fischervonmollard.de\\\/?page_id=9\"]}]},{\"@type\":\"ImageObject\",\"inLanguage\":\"de\",\"@id\":\"https:\\\/\\\/www.fischervonmollard.de\\\/?page_id=9#primaryimage\",\"url\":\"https:\\\/\\\/www.fischervonmollard.de\\\/wp-content\\\/uploads\\\/2024\\\/02\\\/Blockfloeten.jpg\",\"contentUrl\":\"https:\\\/\\\/www.fischervonmollard.de\\\/wp-content\\\/uploads\\\/2024\\\/02\\\/Blockfloeten.jpg\",\"width\":480,\"height\":360},{\"@type\":\"BreadcrumbList\",\"@id\":\"https:\\\/\\\/www.fischervonmollard.de\\\/?page_id=9#breadcrumb\",\"itemListElement\":[{\"@type\":\"ListItem\",\"position\":1,\"name\":\"Startseite\",\"item\":\"https:\\\/\\\/www.fischervonmollard.de\\\/\"},{\"@type\":\"ListItem\",\"position\":2,\"name\":\"Verwendete Instrumente\"}]},{\"@type\":\"WebSite\",\"@id\":\"https:\\\/\\\/www.fischervonmollard.de\\\/#website\",\"url\":\"https:\\\/\\\/www.fischervonmollard.de\\\/\",\"name\":\"Christiane Fischer von Mollard\",\"description\":\"staatlich gepr\u00fcfte Musiklehrerin N\u00fcrnberg\",\"potentialAction\":[{\"@type\":\"SearchAction\",\"target\":{\"@type\":\"EntryPoint\",\"urlTemplate\":\"https:\\\/\\\/www.fischervonmollard.de\\\/?s={search_term_string}\"},\"query-input\":{\"@type\":\"PropertyValueSpecification\",\"valueRequired\":true,\"valueName\":\"search_term_string\"}}],\"inLanguage\":\"de\"}]}<\/script>\n<!-- \/ Yoast SEO plugin. -->","yoast_head_json":{"title":"Verwendete Instrumente - Christiane Fischer-von-Mollard","robots":{"index":"index","follow":"follow","max-snippet":"max-snippet:-1","max-image-preview":"max-image-preview:large","max-video-preview":"max-video-preview:-1"},"canonical":"https:\/\/www.fischervonmollard.de\/?page_id=9","og_locale":"de_DE","og_type":"article","og_title":"Verwendete Instrumente - Christiane Fischer-von-Mollard","og_description":"Die Blockfl\u00f6ten Die B\u00f6hmfl\u00f6ten Die Traversfl\u00f6ten Die Gemsh\u00f6rner aus poliertem Rinderhorn gefertigt von Rainer Schwarze Der Konzertfl\u00fcgel Steinway &amp; Sons","og_url":"https:\/\/www.fischervonmollard.de\/?page_id=9","og_site_name":"Christiane Fischer-von-Mollard","article_modified_time":"2024-02-19T21:01:41+00:00","og_image":[{"url":"https:\/\/www.fischervonmollard.de\/wp-content\/uploads\/2024\/02\/Blockfloeten.jpg","type":"","width":"","height":""}],"twitter_card":"summary_large_image","schema":{"@context":"https:\/\/schema.org","@graph":[{"@type":"WebPage","@id":"https:\/\/www.fischervonmollard.de\/?page_id=9","url":"https:\/\/www.fischervonmollard.de\/?page_id=9","name":"Verwendete Instrumente - Christiane Fischer-von-Mollard","isPartOf":{"@id":"https:\/\/www.fischervonmollard.de\/#website"},"primaryImageOfPage":{"@id":"https:\/\/www.fischervonmollard.de\/?page_id=9#primaryimage"},"image":{"@id":"https:\/\/www.fischervonmollard.de\/?page_id=9#primaryimage"},"thumbnailUrl":"https:\/\/www.fischervonmollard.de\/wp-content\/uploads\/2024\/02\/Blockfloeten.jpg","datePublished":"2024-02-19T20:38:52+00:00","dateModified":"2024-02-19T21:01:41+00:00","breadcrumb":{"@id":"https:\/\/www.fischervonmollard.de\/?page_id=9#breadcrumb"},"inLanguage":"de","potentialAction":[{"@type":"ReadAction","target":["https:\/\/www.fischervonmollard.de\/?page_id=9"]}]},{"@type":"ImageObject","inLanguage":"de","@id":"https:\/\/www.fischervonmollard.de\/?page_id=9#primaryimage","url":"https:\/\/www.fischervonmollard.de\/wp-content\/uploads\/2024\/02\/Blockfloeten.jpg","contentUrl":"https:\/\/www.fischervonmollard.de\/wp-content\/uploads\/2024\/02\/Blockfloeten.jpg","width":480,"height":360},{"@type":"BreadcrumbList","@id":"https:\/\/www.fischervonmollard.de\/?page_id=9#breadcrumb","itemListElement":[{"@type":"ListItem","position":1,"name":"Startseite","item":"https:\/\/www.fischervonmollard.de\/"},{"@type":"ListItem","position":2,"name":"Verwendete Instrumente"}]},{"@type":"WebSite","@id":"https:\/\/www.fischervonmollard.de\/#website","url":"https:\/\/www.fischervonmollard.de\/","name":"Christiane Fischer von Mollard","description":"staatlich gepr\u00fcfte Musiklehrerin N\u00fcrnberg","potentialAction":[{"@type":"SearchAction","target":{"@type":"EntryPoint","urlTemplate":"https:\/\/www.fischervonmollard.de\/?s={search_term_string}"},"query-input":{"@type":"PropertyValueSpecification","valueRequired":true,"valueName":"search_term_string"}}],"inLanguage":"de"}]}},"_links":{"self":[{"href":"https:\/\/www.fischervonmollard.de\/index.php?rest_route=\/wp\/v2\/pages\/9","targetHints":{"allow":["GET"]}}],"collection":[{"href":"https:\/\/www.fischervonmollard.de\/index.php?rest_route=\/wp\/v2\/pages"}],"about":[{"href":"https:\/\/www.fischervonmollard.de\/index.php?rest_route=\/wp\/v2\/types\/page"}],"author":[{"embeddable":true,"href":"https:\/\/www.fischervonmollard.de\/index.php?rest_route=\/wp\/v2\/users\/1"}],"replies":[{"embeddable":true,"href":"https:\/\/www.fischervonmollard.de\/index.php?rest_route=%2Fwp%2Fv2%2Fcomments&post=9"}],"version-history":[{"count":2,"href":"https:\/\/www.fischervonmollard.de\/index.php?rest_route=\/wp\/v2\/pages\/9\/revisions"}],"predecessor-version":[{"id":53,"href":"https:\/\/www.fischervonmollard.de\/index.php?rest_route=\/wp\/v2\/pages\/9\/revisions\/53"}],"wp:attachment":[{"href":"https:\/\/www.fischervonmollard.de\/index.php?rest_route=%2Fwp%2Fv2%2Fmedia&parent=9"}],"curies":[{"name":"wp","href":"https:\/\/api.w.org\/{rel}","templated":true}]}}