{"id":202,"date":"2024-07-22T18:35:20","date_gmt":"2024-07-22T18:35:20","guid":{"rendered":"https:\/\/www.fischervonmollard.de\/?page_id=202"},"modified":"2024-07-22T18:58:42","modified_gmt":"2024-07-22T18:58:42","slug":"musikusse-offenhausen","status":"publish","type":"page","link":"https:\/\/www.fischervonmollard.de\/?page_id=202","title":{"rendered":"Musikusse Offenhausen"},"content":{"rendered":"\n<blockquote class=\"wp-block-quote is-layout-flow wp-block-quote-is-layout-flow\">\n<p><strong><u>F\u00f6rderkreis der Musikusse e.V.<\/u><\/strong><\/p>\n\n\n\n<p>M\u00f6chten Sie sich einen lang gehegten Traum erf\u00fcllen und ein Musikinstrument erlernen? Dann sind Sie bei uns genau richtig! Egal ob Kind, Jugendlicher, Erwachsener, Anf\u00e4nger, Fortgeschrittener oder Wiedereinsteiger \u2013 bei uns k\u00f6nnen Sie Ihre musikalischen Vors\u00e4tze in die Tat umsetzen.<\/p>\n\n\n\n<p>Ab September 2024 biete ich folgende Kurse an, f\u00fcr die noch Pl\u00e4tze verf\u00fcgbar sind: Querfl\u00f6te, Blockfl\u00f6te, Ukulele oder Klavier.<\/p>\n\n\n\n<p>Der Unterricht findet immer am Mittwochnachmittag im Gemeindehaus Offenhausen statt. F\u00fcr Anmeldungen und weitere Informationen wenden Sie sich bitte direkt an mich unter der Telefonnummer 0911-3658060 oder per E-Mail an\u00a0<a href=\"mailto:chr.fvm@gmx.de\" target=\"_blank\" rel=\"noreferrer noopener\">chr.fvm@gmx.de<\/a>.<\/p>\n\n\n\n<p>Ich freue mich auf Ihre Anmeldung!<\/p>\n<\/blockquote>\n\n\n\n<iframe src=\"https:\/\/www.google.com\/maps\/embed?pb=!1m18!1m12!1m3!1d1131.3890901522716!2d11.410944269691262!3d49.45140969821369!2m3!1f0!2f0!3f0!3m2!1i1024!2i768!4f13.1!3m3!1m2!1s0x479f61dee7f46a39%3A0xeb00df6fff515054!2sHauptstra%C3%9Fe%201A%2C%2091238%20Offenhausen!5e1!3m2!1sde!2sde!4v1721674389173!5m2!1sde!2sde\" width=\"600\" height=\"450\" style=\"border:0;\" allowfullscreen=\"\" loading=\"lazy\" referrerpolicy=\"no-referrer-when-downgrade\"><\/iframe>\n","protected":false},"excerpt":{"rendered":"<p>F\u00f6rderkreis der Musikusse e.V. M\u00f6chten Sie sich einen lang gehegten Traum erf\u00fcllen und ein Musikinstrument erlernen? Dann sind Sie bei uns genau richtig! Egal ob Kind, Jugendlicher, Erwachsener, Anf\u00e4nger, Fortgeschrittener oder Wiedereinsteiger \u2013 bei uns k\u00f6nnen Sie Ihre musikalischen Vors\u00e4tze in die Tat umsetzen. Ab September 2024 biete ich folgende Kurse an, f\u00fcr die noch [&hellip;]<\/p>\n","protected":false},"author":1,"featured_media":0,"parent":0,"menu_order":0,"comment_status":"closed","ping_status":"closed","template":"","meta":{"footnotes":""},"class_list":["post-202","page","type-page","status-publish","hentry","post-preview"],"yoast_head":"<!-- This site is optimized with the Yoast SEO plugin v27.4 - https:\/\/yoast.com\/product\/yoast-seo-wordpress\/ -->\n<title>Musikusse Offenhausen - Christiane Fischer-von-Mollard<\/title>\n<meta name=\"robots\" content=\"index, follow, max-snippet:-1, max-image-preview:large, max-video-preview:-1\" \/>\n<link rel=\"canonical\" href=\"https:\/\/www.fischervonmollard.de\/?page_id=202\" \/>\n<meta property=\"og:locale\" content=\"de_DE\" \/>\n<meta property=\"og:type\" content=\"article\" \/>\n<meta property=\"og:title\" content=\"Musikusse Offenhausen - Christiane Fischer-von-Mollard\" \/>\n<meta property=\"og:description\" content=\"F\u00f6rderkreis der Musikusse e.V. M\u00f6chten Sie sich einen lang gehegten Traum erf\u00fcllen und ein Musikinstrument erlernen? Dann sind Sie bei uns genau richtig! Egal ob Kind, Jugendlicher, Erwachsener, Anf\u00e4nger, Fortgeschrittener oder Wiedereinsteiger \u2013 bei uns k\u00f6nnen Sie Ihre musikalischen Vors\u00e4tze in die Tat umsetzen. Ab September 2024 biete ich folgende Kurse an, f\u00fcr die noch [&hellip;]\" \/>\n<meta property=\"og:url\" content=\"https:\/\/www.fischervonmollard.de\/?page_id=202\" \/>\n<meta property=\"og:site_name\" content=\"Christiane Fischer-von-Mollard\" \/>\n<meta property=\"article:modified_time\" content=\"2024-07-22T18:58:42+00:00\" \/>\n<meta name=\"twitter:card\" content=\"summary_large_image\" \/>\n<meta name=\"twitter:label1\" content=\"Gesch\u00e4tzte Lesezeit\" \/>\n\t<meta name=\"twitter:data1\" content=\"1\u00a0Minute\" \/>\n<script type=\"application\/ld+json\" class=\"yoast-schema-graph\">{\"@context\":\"https:\\\/\\\/schema.org\",\"@graph\":[{\"@type\":\"WebPage\",\"@id\":\"https:\\\/\\\/www.fischervonmollard.de\\\/?page_id=202\",\"url\":\"https:\\\/\\\/www.fischervonmollard.de\\\/?page_id=202\",\"name\":\"Musikusse Offenhausen - Christiane Fischer-von-Mollard\",\"isPartOf\":{\"@id\":\"https:\\\/\\\/www.fischervonmollard.de\\\/#website\"},\"datePublished\":\"2024-07-22T18:35:20+00:00\",\"dateModified\":\"2024-07-22T18:58:42+00:00\",\"breadcrumb\":{\"@id\":\"https:\\\/\\\/www.fischervonmollard.de\\\/?page_id=202#breadcrumb\"},\"inLanguage\":\"de\",\"potentialAction\":[{\"@type\":\"ReadAction\",\"target\":[\"https:\\\/\\\/www.fischervonmollard.de\\\/?page_id=202\"]}]},{\"@type\":\"BreadcrumbList\",\"@id\":\"https:\\\/\\\/www.fischervonmollard.de\\\/?page_id=202#breadcrumb\",\"itemListElement\":[{\"@type\":\"ListItem\",\"position\":1,\"name\":\"Startseite\",\"item\":\"https:\\\/\\\/www.fischervonmollard.de\\\/\"},{\"@type\":\"ListItem\",\"position\":2,\"name\":\"Musikusse Offenhausen\"}]},{\"@type\":\"WebSite\",\"@id\":\"https:\\\/\\\/www.fischervonmollard.de\\\/#website\",\"url\":\"https:\\\/\\\/www.fischervonmollard.de\\\/\",\"name\":\"Christiane Fischer von Mollard\",\"description\":\"staatlich gepr\u00fcfte Musiklehrerin N\u00fcrnberg\",\"potentialAction\":[{\"@type\":\"SearchAction\",\"target\":{\"@type\":\"EntryPoint\",\"urlTemplate\":\"https:\\\/\\\/www.fischervonmollard.de\\\/?s={search_term_string}\"},\"query-input\":{\"@type\":\"PropertyValueSpecification\",\"valueRequired\":true,\"valueName\":\"search_term_string\"}}],\"inLanguage\":\"de\"}]}<\/script>\n<!-- \/ Yoast SEO plugin. -->","yoast_head_json":{"title":"Musikusse Offenhausen - Christiane Fischer-von-Mollard","robots":{"index":"index","follow":"follow","max-snippet":"max-snippet:-1","max-image-preview":"max-image-preview:large","max-video-preview":"max-video-preview:-1"},"canonical":"https:\/\/www.fischervonmollard.de\/?page_id=202","og_locale":"de_DE","og_type":"article","og_title":"Musikusse Offenhausen - Christiane Fischer-von-Mollard","og_description":"F\u00f6rderkreis der Musikusse e.V. M\u00f6chten Sie sich einen lang gehegten Traum erf\u00fcllen und ein Musikinstrument erlernen? Dann sind Sie bei uns genau richtig! Egal ob Kind, Jugendlicher, Erwachsener, Anf\u00e4nger, Fortgeschrittener oder Wiedereinsteiger \u2013 bei uns k\u00f6nnen Sie Ihre musikalischen Vors\u00e4tze in die Tat umsetzen. Ab September 2024 biete ich folgende Kurse an, f\u00fcr die noch [&hellip;]","og_url":"https:\/\/www.fischervonmollard.de\/?page_id=202","og_site_name":"Christiane Fischer-von-Mollard","article_modified_time":"2024-07-22T18:58:42+00:00","twitter_card":"summary_large_image","twitter_misc":{"Gesch\u00e4tzte Lesezeit":"1\u00a0Minute"},"schema":{"@context":"https:\/\/schema.org","@graph":[{"@type":"WebPage","@id":"https:\/\/www.fischervonmollard.de\/?page_id=202","url":"https:\/\/www.fischervonmollard.de\/?page_id=202","name":"Musikusse Offenhausen - Christiane Fischer-von-Mollard","isPartOf":{"@id":"https:\/\/www.fischervonmollard.de\/#website"},"datePublished":"2024-07-22T18:35:20+00:00","dateModified":"2024-07-22T18:58:42+00:00","breadcrumb":{"@id":"https:\/\/www.fischervonmollard.de\/?page_id=202#breadcrumb"},"inLanguage":"de","potentialAction":[{"@type":"ReadAction","target":["https:\/\/www.fischervonmollard.de\/?page_id=202"]}]},{"@type":"BreadcrumbList","@id":"https:\/\/www.fischervonmollard.de\/?page_id=202#breadcrumb","itemListElement":[{"@type":"ListItem","position":1,"name":"Startseite","item":"https:\/\/www.fischervonmollard.de\/"},{"@type":"ListItem","position":2,"name":"Musikusse Offenhausen"}]},{"@type":"WebSite","@id":"https:\/\/www.fischervonmollard.de\/#website","url":"https:\/\/www.fischervonmollard.de\/","name":"Christiane Fischer von Mollard","description":"staatlich gepr\u00fcfte Musiklehrerin N\u00fcrnberg","potentialAction":[{"@type":"SearchAction","target":{"@type":"EntryPoint","urlTemplate":"https:\/\/www.fischervonmollard.de\/?s={search_term_string}"},"query-input":{"@type":"PropertyValueSpecification","valueRequired":true,"valueName":"search_term_string"}}],"inLanguage":"de"}]}},"_links":{"self":[{"href":"https:\/\/www.fischervonmollard.de\/index.php?rest_route=\/wp\/v2\/pages\/202","targetHints":{"allow":["GET"]}}],"collection":[{"href":"https:\/\/www.fischervonmollard.de\/index.php?rest_route=\/wp\/v2\/pages"}],"about":[{"href":"https:\/\/www.fischervonmollard.de\/index.php?rest_route=\/wp\/v2\/types\/page"}],"author":[{"embeddable":true,"href":"https:\/\/www.fischervonmollard.de\/index.php?rest_route=\/wp\/v2\/users\/1"}],"replies":[{"embeddable":true,"href":"https:\/\/www.fischervonmollard.de\/index.php?rest_route=%2Fwp%2Fv2%2Fcomments&post=202"}],"version-history":[{"count":6,"href":"https:\/\/www.fischervonmollard.de\/index.php?rest_route=\/wp\/v2\/pages\/202\/revisions"}],"predecessor-version":[{"id":213,"href":"https:\/\/www.fischervonmollard.de\/index.php?rest_route=\/wp\/v2\/pages\/202\/revisions\/213"}],"wp:attachment":[{"href":"https:\/\/www.fischervonmollard.de\/index.php?rest_route=%2Fwp%2Fv2%2Fmedia&parent=202"}],"curies":[{"name":"wp","href":"https:\/\/api.w.org\/{rel}","templated":true}]}}