{"id":135,"date":"2024-03-28T17:35:50","date_gmt":"2024-03-28T17:35:50","guid":{"rendered":"https:\/\/www.fischervonmollard.de\/?page_id=135"},"modified":"2024-07-14T20:34:16","modified_gmt":"2024-07-14T20:34:16","slug":"schembart-renaissance-ensemble","status":"publish","type":"page","link":"https:\/\/www.fischervonmollard.de\/?page_id=135","title":{"rendered":"Schembart Renaissance-Ensemble"},"content":{"rendered":"\n<p><\/p>\n\n\n\n<p>Tauchen Sie ein in die faszinierende Welt der <strong>Renaissance-Musik<\/strong> und erleben Sie die Glanzzeit N\u00fcrnbergs mit unserem bezaubernden <strong>Musikensemble<\/strong>. Unter der Leitung von <strong>Christiane Fischer von Mollard<\/strong> entf\u00fchren wir Sie in eine \u00c4ra, in der Musik, Tanz und Kultur aufbl\u00fchten.<\/p>\n\n\n\n<p><strong>Unsere Highlights:<\/strong><\/p>\n\n\n\n<ol class=\"wp-block-list\">\n<li><strong>Historische Musikinstrumente:<\/strong> Unsere Musiker spielen auf originalgetreuen Instrumenten aus der D\u00fcrerzeit. Begleiten Sie uns auf einer musikalischen Zeitreise.<\/li>\n\n\n\n<li><strong>Begeisterung und Leidenschaft:<\/strong> Unsere Mitglieder lieben, was sie tun! Mit Hingabe und Freude interpretieren sie Lieder, T\u00e4nze und Melodien aus der Renaissance. Ihre Begeisterung ist ansteckend \u2013 lassen Sie sich mitrei\u00dfen.<\/li>\n\n\n\n<li><strong>Tanz der alten Meister:<\/strong> Unsere T\u00e4nzerinnen und T\u00e4nzer studieren Choreographien nach historischen Tanzb\u00fcchern ein. Wir pr\u00e4sentieren Gesellschafts- und B\u00fchnent\u00e4nze, wie sie einst in den pr\u00e4chtigen S\u00e4len N\u00fcrnbergs erklangen.<\/li>\n<\/ol>\n\n\n\n<p><strong>Kommen Sie zu unseren Auftritten und erleben Sie die Renaissance hautnah!<\/strong><\/p>\n\n\n\n<p>Besuchen Sie unsere Homepage unter <a is=\"cib-link\" href=\"http:\/\/www.schembart.de\/\" target=\"_blank\" rel=\"noreferrer noopener\">www.schembart.de<\/a> und erfahren Sie mehr \u00fcber unsere Termine, Musikst\u00fccke und die faszinierende Welt der Schembart-Gesellschaft.  <\/p>\n\n\n\n<figure class=\"wp-block-image size-full\"><img loading=\"lazy\" decoding=\"async\" width=\"3897\" height=\"2260\" src=\"https:\/\/www.fischervonmollard.de\/wp-content\/uploads\/2024\/03\/Schalmei-Rauschpfeife-1.jpg\" alt=\"\" class=\"wp-image-143\"\/><figcaption class=\"wp-element-caption\">Schalmei, Rauschpfeifen (Sopran, Sopranino)<\/figcaption><\/figure>\n\n\n\n<figure class=\"wp-block-image size-full\"><img loading=\"lazy\" decoding=\"async\" width=\"3644\" height=\"1380\" src=\"https:\/\/www.fischervonmollard.de\/wp-content\/uploads\/2024\/03\/Blockfloeten.jpg\" alt=\"\" class=\"wp-image-136\"\/><figcaption class=\"wp-element-caption\">Renaissance-Blockfl\u00f6ten (Subbass, Gro\u00dfbass, Bass, Tenor, Alt, Sopran, Sopranino)<\/figcaption><\/figure>\n\n\n\n<figure class=\"wp-block-image size-full\"><img loading=\"lazy\" decoding=\"async\" width=\"3624\" height=\"2320\" src=\"https:\/\/www.fischervonmollard.de\/wp-content\/uploads\/2024\/03\/RenaissanceQF-Zink.jpg\" alt=\"\" class=\"wp-image-139\"\/><figcaption class=\"wp-element-caption\">Zink und Renaissance-Querfl\u00f6ten<\/figcaption><\/figure>\n\n\n\n<figure class=\"wp-block-image size-full\"><img loading=\"lazy\" decoding=\"async\" width=\"3834\" height=\"1754\" src=\"https:\/\/www.fischervonmollard.de\/wp-content\/uploads\/2024\/03\/Cornamusen.jpg\" alt=\"\" class=\"wp-image-141\"\/><figcaption class=\"wp-element-caption\">Cornamusen (Bass, Tenor, Alt, Sopran)<\/figcaption><\/figure>\n\n\n\n<figure class=\"wp-block-image size-full\"><img loading=\"lazy\" decoding=\"async\" width=\"3512\" height=\"2030\" src=\"https:\/\/www.fischervonmollard.de\/wp-content\/uploads\/2024\/03\/Krummhoerner-1.jpg\" alt=\"\" class=\"wp-image-142\"\/><figcaption class=\"wp-element-caption\">Krummh\u00f6rner (Bass, Tenor, Alt, Sopran)<\/figcaption><\/figure>\n\n\n\n<figure class=\"wp-block-image size-full\"><img loading=\"lazy\" decoding=\"async\" width=\"640\" height=\"480\" src=\"https:\/\/www.fischervonmollard.de\/wp-content\/uploads\/2024\/02\/gemshoerner.jpeg\" alt=\"\" class=\"wp-image-50\"\/><figcaption class=\"wp-element-caption\">Gemsh\u00f6rner (Sopran, Alt, Tenor, Bass)<\/figcaption><\/figure>\n\n\n\n<figure class=\"wp-block-image size-full\"><img loading=\"lazy\" decoding=\"async\" width=\"3737\" height=\"1599\" src=\"https:\/\/www.fischervonmollard.de\/wp-content\/uploads\/2024\/03\/Posaunen.jpg\" alt=\"\" class=\"wp-image-138\"\/><figcaption class=\"wp-element-caption\">Posaunen<\/figcaption><\/figure>\n","protected":false},"excerpt":{"rendered":"<p>Tauchen Sie ein in die faszinierende Welt der Renaissance-Musik und erleben Sie die Glanzzeit N\u00fcrnbergs mit unserem bezaubernden Musikensemble. Unter der Leitung von Christiane Fischer von Mollard entf\u00fchren wir Sie in eine \u00c4ra, in der Musik, Tanz und Kultur aufbl\u00fchten. Unsere Highlights: Kommen Sie zu unseren Auftritten und erleben Sie die Renaissance hautnah! Besuchen Sie [&hellip;]<\/p>\n","protected":false},"author":1,"featured_media":0,"parent":0,"menu_order":0,"comment_status":"closed","ping_status":"closed","template":"","meta":{"footnotes":""},"class_list":["post-135","page","type-page","status-publish","hentry","post-preview"],"yoast_head":"<!-- This site is optimized with the Yoast SEO plugin v27.4 - https:\/\/yoast.com\/product\/yoast-seo-wordpress\/ -->\n<title>Schembart Renaissance-Ensemble - Christiane Fischer-von-Mollard<\/title>\n<meta name=\"robots\" content=\"index, follow, max-snippet:-1, max-image-preview:large, max-video-preview:-1\" \/>\n<link rel=\"canonical\" href=\"https:\/\/www.fischervonmollard.de\/?page_id=135\" \/>\n<meta property=\"og:locale\" content=\"de_DE\" \/>\n<meta property=\"og:type\" content=\"article\" \/>\n<meta property=\"og:title\" content=\"Schembart Renaissance-Ensemble - Christiane Fischer-von-Mollard\" \/>\n<meta property=\"og:description\" content=\"Tauchen Sie ein in die faszinierende Welt der Renaissance-Musik und erleben Sie die Glanzzeit N\u00fcrnbergs mit unserem bezaubernden Musikensemble. Unter der Leitung von Christiane Fischer von Mollard entf\u00fchren wir Sie in eine \u00c4ra, in der Musik, Tanz und Kultur aufbl\u00fchten. Unsere Highlights: Kommen Sie zu unseren Auftritten und erleben Sie die Renaissance hautnah! Besuchen Sie [&hellip;]\" \/>\n<meta property=\"og:url\" content=\"https:\/\/www.fischervonmollard.de\/?page_id=135\" \/>\n<meta property=\"og:site_name\" content=\"Christiane Fischer-von-Mollard\" \/>\n<meta property=\"article:modified_time\" content=\"2024-07-14T20:34:16+00:00\" \/>\n<meta property=\"og:image\" content=\"http:\/\/www.fischervonmollard.de\/wp-content\/uploads\/2024\/03\/Schalmei-Rauschpfeife-1.jpg\" \/>\n<meta name=\"twitter:card\" content=\"summary_large_image\" \/>\n<meta name=\"twitter:label1\" content=\"Gesch\u00e4tzte Lesezeit\" \/>\n\t<meta name=\"twitter:data1\" content=\"1\u00a0Minute\" \/>\n<script type=\"application\/ld+json\" class=\"yoast-schema-graph\">{\"@context\":\"https:\\\/\\\/schema.org\",\"@graph\":[{\"@type\":\"WebPage\",\"@id\":\"https:\\\/\\\/www.fischervonmollard.de\\\/?page_id=135\",\"url\":\"https:\\\/\\\/www.fischervonmollard.de\\\/?page_id=135\",\"name\":\"Schembart Renaissance-Ensemble - Christiane Fischer-von-Mollard\",\"isPartOf\":{\"@id\":\"https:\\\/\\\/www.fischervonmollard.de\\\/#website\"},\"primaryImageOfPage\":{\"@id\":\"https:\\\/\\\/www.fischervonmollard.de\\\/?page_id=135#primaryimage\"},\"image\":{\"@id\":\"https:\\\/\\\/www.fischervonmollard.de\\\/?page_id=135#primaryimage\"},\"thumbnailUrl\":\"https:\\\/\\\/www.fischervonmollard.de\\\/wp-content\\\/uploads\\\/2024\\\/03\\\/Schalmei-Rauschpfeife-1.jpg\",\"datePublished\":\"2024-03-28T17:35:50+00:00\",\"dateModified\":\"2024-07-14T20:34:16+00:00\",\"breadcrumb\":{\"@id\":\"https:\\\/\\\/www.fischervonmollard.de\\\/?page_id=135#breadcrumb\"},\"inLanguage\":\"de\",\"potentialAction\":[{\"@type\":\"ReadAction\",\"target\":[\"https:\\\/\\\/www.fischervonmollard.de\\\/?page_id=135\"]}]},{\"@type\":\"ImageObject\",\"inLanguage\":\"de\",\"@id\":\"https:\\\/\\\/www.fischervonmollard.de\\\/?page_id=135#primaryimage\",\"url\":\"https:\\\/\\\/www.fischervonmollard.de\\\/wp-content\\\/uploads\\\/2024\\\/03\\\/Schalmei-Rauschpfeife-1.jpg\",\"contentUrl\":\"https:\\\/\\\/www.fischervonmollard.de\\\/wp-content\\\/uploads\\\/2024\\\/03\\\/Schalmei-Rauschpfeife-1.jpg\",\"width\":3897,\"height\":2260,\"caption\":\"Schalmei, Rauschpfeifen (Sopran, Sopranino)\"},{\"@type\":\"BreadcrumbList\",\"@id\":\"https:\\\/\\\/www.fischervonmollard.de\\\/?page_id=135#breadcrumb\",\"itemListElement\":[{\"@type\":\"ListItem\",\"position\":1,\"name\":\"Startseite\",\"item\":\"https:\\\/\\\/www.fischervonmollard.de\\\/\"},{\"@type\":\"ListItem\",\"position\":2,\"name\":\"Schembart Renaissance-Ensemble\"}]},{\"@type\":\"WebSite\",\"@id\":\"https:\\\/\\\/www.fischervonmollard.de\\\/#website\",\"url\":\"https:\\\/\\\/www.fischervonmollard.de\\\/\",\"name\":\"Christiane Fischer von Mollard\",\"description\":\"staatlich gepr\u00fcfte Musiklehrerin N\u00fcrnberg\",\"potentialAction\":[{\"@type\":\"SearchAction\",\"target\":{\"@type\":\"EntryPoint\",\"urlTemplate\":\"https:\\\/\\\/www.fischervonmollard.de\\\/?s={search_term_string}\"},\"query-input\":{\"@type\":\"PropertyValueSpecification\",\"valueRequired\":true,\"valueName\":\"search_term_string\"}}],\"inLanguage\":\"de\"}]}<\/script>\n<!-- \/ Yoast SEO plugin. -->","yoast_head_json":{"title":"Schembart Renaissance-Ensemble - Christiane Fischer-von-Mollard","robots":{"index":"index","follow":"follow","max-snippet":"max-snippet:-1","max-image-preview":"max-image-preview:large","max-video-preview":"max-video-preview:-1"},"canonical":"https:\/\/www.fischervonmollard.de\/?page_id=135","og_locale":"de_DE","og_type":"article","og_title":"Schembart Renaissance-Ensemble - Christiane Fischer-von-Mollard","og_description":"Tauchen Sie ein in die faszinierende Welt der Renaissance-Musik und erleben Sie die Glanzzeit N\u00fcrnbergs mit unserem bezaubernden Musikensemble. Unter der Leitung von Christiane Fischer von Mollard entf\u00fchren wir Sie in eine \u00c4ra, in der Musik, Tanz und Kultur aufbl\u00fchten. Unsere Highlights: Kommen Sie zu unseren Auftritten und erleben Sie die Renaissance hautnah! Besuchen Sie [&hellip;]","og_url":"https:\/\/www.fischervonmollard.de\/?page_id=135","og_site_name":"Christiane Fischer-von-Mollard","article_modified_time":"2024-07-14T20:34:16+00:00","og_image":[{"url":"http:\/\/www.fischervonmollard.de\/wp-content\/uploads\/2024\/03\/Schalmei-Rauschpfeife-1.jpg","type":"","width":"","height":""}],"twitter_card":"summary_large_image","twitter_misc":{"Gesch\u00e4tzte Lesezeit":"1\u00a0Minute"},"schema":{"@context":"https:\/\/schema.org","@graph":[{"@type":"WebPage","@id":"https:\/\/www.fischervonmollard.de\/?page_id=135","url":"https:\/\/www.fischervonmollard.de\/?page_id=135","name":"Schembart Renaissance-Ensemble - Christiane Fischer-von-Mollard","isPartOf":{"@id":"https:\/\/www.fischervonmollard.de\/#website"},"primaryImageOfPage":{"@id":"https:\/\/www.fischervonmollard.de\/?page_id=135#primaryimage"},"image":{"@id":"https:\/\/www.fischervonmollard.de\/?page_id=135#primaryimage"},"thumbnailUrl":"https:\/\/www.fischervonmollard.de\/wp-content\/uploads\/2024\/03\/Schalmei-Rauschpfeife-1.jpg","datePublished":"2024-03-28T17:35:50+00:00","dateModified":"2024-07-14T20:34:16+00:00","breadcrumb":{"@id":"https:\/\/www.fischervonmollard.de\/?page_id=135#breadcrumb"},"inLanguage":"de","potentialAction":[{"@type":"ReadAction","target":["https:\/\/www.fischervonmollard.de\/?page_id=135"]}]},{"@type":"ImageObject","inLanguage":"de","@id":"https:\/\/www.fischervonmollard.de\/?page_id=135#primaryimage","url":"https:\/\/www.fischervonmollard.de\/wp-content\/uploads\/2024\/03\/Schalmei-Rauschpfeife-1.jpg","contentUrl":"https:\/\/www.fischervonmollard.de\/wp-content\/uploads\/2024\/03\/Schalmei-Rauschpfeife-1.jpg","width":3897,"height":2260,"caption":"Schalmei, Rauschpfeifen (Sopran, Sopranino)"},{"@type":"BreadcrumbList","@id":"https:\/\/www.fischervonmollard.de\/?page_id=135#breadcrumb","itemListElement":[{"@type":"ListItem","position":1,"name":"Startseite","item":"https:\/\/www.fischervonmollard.de\/"},{"@type":"ListItem","position":2,"name":"Schembart Renaissance-Ensemble"}]},{"@type":"WebSite","@id":"https:\/\/www.fischervonmollard.de\/#website","url":"https:\/\/www.fischervonmollard.de\/","name":"Christiane Fischer von Mollard","description":"staatlich gepr\u00fcfte Musiklehrerin N\u00fcrnberg","potentialAction":[{"@type":"SearchAction","target":{"@type":"EntryPoint","urlTemplate":"https:\/\/www.fischervonmollard.de\/?s={search_term_string}"},"query-input":{"@type":"PropertyValueSpecification","valueRequired":true,"valueName":"search_term_string"}}],"inLanguage":"de"}]}},"_links":{"self":[{"href":"https:\/\/www.fischervonmollard.de\/index.php?rest_route=\/wp\/v2\/pages\/135","targetHints":{"allow":["GET"]}}],"collection":[{"href":"https:\/\/www.fischervonmollard.de\/index.php?rest_route=\/wp\/v2\/pages"}],"about":[{"href":"https:\/\/www.fischervonmollard.de\/index.php?rest_route=\/wp\/v2\/types\/page"}],"author":[{"embeddable":true,"href":"https:\/\/www.fischervonmollard.de\/index.php?rest_route=\/wp\/v2\/users\/1"}],"replies":[{"embeddable":true,"href":"https:\/\/www.fischervonmollard.de\/index.php?rest_route=%2Fwp%2Fv2%2Fcomments&post=135"}],"version-history":[{"count":3,"href":"https:\/\/www.fischervonmollard.de\/index.php?rest_route=\/wp\/v2\/pages\/135\/revisions"}],"predecessor-version":[{"id":174,"href":"https:\/\/www.fischervonmollard.de\/index.php?rest_route=\/wp\/v2\/pages\/135\/revisions\/174"}],"wp:attachment":[{"href":"https:\/\/www.fischervonmollard.de\/index.php?rest_route=%2Fwp%2Fv2%2Fmedia&parent=135"}],"curies":[{"name":"wp","href":"https:\/\/api.w.org\/{rel}","templated":true}]}}