{"id":10,"date":"2024-02-19T20:38:52","date_gmt":"2024-02-19T20:38:52","guid":{"rendered":"https:\/\/www.fischervonmollard.de\/?page_id=10"},"modified":"2024-09-02T20:43:35","modified_gmt":"2024-09-02T20:43:35","slug":"ensemble","status":"publish","type":"page","link":"https:\/\/www.fischervonmollard.de\/?page_id=10","title":{"rendered":"Ensemblearbeit"},"content":{"rendered":"\n<p>Neben dem Instrumentalunterricht ist es m\u00f6glich, an verschiedenen Ensembles teilzunehmen. Es besteht die M\u00f6glichkeit von Besetzungen, wie:<\/p>\n\n\n\n<ul class=\"wp-block-list\">\n<li>mehrere Querfl\u00f6ten oder Blockfl\u00f6ten<\/li>\n\n\n\n<li>gemischt auch mit Tenor- und Bassinstrumenten<\/li>\n\n\n\n<li>gemischte Ensembles, z.B. eine oder mehrere Fl\u00f6ten mit Klavier<\/li>\n\n\n\n<li>Fl\u00f6te und Gitarre<\/li>\n\n\n\n<li>Traverso und Spinett<\/li>\n\n\n\n<li>Barockinstrumente in historischer Stimmung<\/li>\n<\/ul>\n\n\n\n<p>Beratung von bestehenden Ensembles, u.a.<\/p>\n\n\n\n<ul class=\"wp-block-list\">\n<li>Unterst\u00fctzung bei der Literaturauswahl<\/li>\n\n\n\n<li>musikalische Betreuung<\/li>\n\n\n\n<li>Aufnahme und Mastering von CDs im eigenen Tonstudio<\/li>\n<\/ul>\n\n\n\n<figure class=\"wp-block-image size-full\"><img loading=\"lazy\" decoding=\"async\" width=\"1600\" height=\"1200\" src=\"https:\/\/www.fischervonmollard.de\/wp-content\/uploads\/2024\/07\/IMG_7982.jpg\" alt=\"\" class=\"wp-image-171\"\/><\/figure>\n\n\n\n<p>Wir freuen uns \u00fcber fortgeschrittene Laien zur Verst\u00e4rkung unseres Querfl\u00f6tenensembles. Wir spielen in kleinerer Besetzung mit vier Fl\u00f6ten oder auch mit Alt- und Bassquerfl\u00f6te im Fl\u00f6tenchor. Die Literatur geht durch vier Jahrhunderte Fl\u00f6tengeschichte von Orginalliteratur bis zu zeitgen\u00f6ssischen Arragements. Die Proben finden am Wochenende nach Absprache statt.<\/p>\n\n\n\n<p>Ein weiterer Schwerpunkt meiner musikalischen Arbeit bildet die Ensemblearbeit mit historischen Instrumenten der Renaissance- und Barockzeit. Wir besetzen dynmisch die Instrumentalbesetzung. Jeder, der ein historisches Instrument spielt (z.B. Laute, Harfe, Gambe, Krummhorn, Schalmei etc.) kann sich gerne zum gemeinsamen Musizieren melden.<\/p>\n\n\n\n<p>Gerne bereite ich Sie zur Aufnahme in die Mitgliedschaft des Musikensembles der <a href=\"http:\/\/www.schembart.de\/\">Schembart-Gesellschaft N\u00fcrnberg<\/a> vor.<\/p>\n","protected":false},"excerpt":{"rendered":"<p>Neben dem Instrumentalunterricht ist es m\u00f6glich, an verschiedenen Ensembles teilzunehmen. Es besteht die M\u00f6glichkeit von Besetzungen, wie: Beratung von bestehenden Ensembles, u.a. Wir freuen uns \u00fcber fortgeschrittene Laien zur Verst\u00e4rkung unseres Querfl\u00f6tenensembles. Wir spielen in kleinerer Besetzung mit vier Fl\u00f6ten oder auch mit Alt- und Bassquerfl\u00f6te im Fl\u00f6tenchor. Die Literatur geht durch vier Jahrhunderte Fl\u00f6tengeschichte [&hellip;]<\/p>\n","protected":false},"author":1,"featured_media":0,"parent":0,"menu_order":0,"comment_status":"closed","ping_status":"closed","template":"","meta":{"footnotes":""},"class_list":["post-10","page","type-page","status-publish","hentry","post-preview"],"yoast_head":"<!-- This site is optimized with the Yoast SEO plugin v27.4 - https:\/\/yoast.com\/product\/yoast-seo-wordpress\/ -->\n<title>Ensemblearbeit - Christiane Fischer-von-Mollard<\/title>\n<meta name=\"robots\" content=\"index, follow, max-snippet:-1, max-image-preview:large, max-video-preview:-1\" \/>\n<link rel=\"canonical\" href=\"https:\/\/www.fischervonmollard.de\/?page_id=10\" \/>\n<meta property=\"og:locale\" content=\"de_DE\" \/>\n<meta property=\"og:type\" content=\"article\" \/>\n<meta property=\"og:title\" content=\"Ensemblearbeit - Christiane Fischer-von-Mollard\" \/>\n<meta property=\"og:description\" content=\"Neben dem Instrumentalunterricht ist es m\u00f6glich, an verschiedenen Ensembles teilzunehmen. Es besteht die M\u00f6glichkeit von Besetzungen, wie: Beratung von bestehenden Ensembles, u.a. Wir freuen uns \u00fcber fortgeschrittene Laien zur Verst\u00e4rkung unseres Querfl\u00f6tenensembles. Wir spielen in kleinerer Besetzung mit vier Fl\u00f6ten oder auch mit Alt- und Bassquerfl\u00f6te im Fl\u00f6tenchor. Die Literatur geht durch vier Jahrhunderte Fl\u00f6tengeschichte [&hellip;]\" \/>\n<meta property=\"og:url\" content=\"https:\/\/www.fischervonmollard.de\/?page_id=10\" \/>\n<meta property=\"og:site_name\" content=\"Christiane Fischer-von-Mollard\" \/>\n<meta property=\"article:modified_time\" content=\"2024-09-02T20:43:35+00:00\" \/>\n<meta property=\"og:image\" content=\"https:\/\/www.fischervonmollard.de\/wp-content\/uploads\/2024\/07\/IMG_7982.jpg\" \/>\n<meta name=\"twitter:card\" content=\"summary_large_image\" \/>\n<meta name=\"twitter:label1\" content=\"Gesch\u00e4tzte Lesezeit\" \/>\n\t<meta name=\"twitter:data1\" content=\"1\u00a0Minute\" \/>\n<script type=\"application\/ld+json\" class=\"yoast-schema-graph\">{\"@context\":\"https:\\\/\\\/schema.org\",\"@graph\":[{\"@type\":\"WebPage\",\"@id\":\"https:\\\/\\\/www.fischervonmollard.de\\\/?page_id=10\",\"url\":\"https:\\\/\\\/www.fischervonmollard.de\\\/?page_id=10\",\"name\":\"Ensemblearbeit - Christiane Fischer-von-Mollard\",\"isPartOf\":{\"@id\":\"https:\\\/\\\/www.fischervonmollard.de\\\/#website\"},\"primaryImageOfPage\":{\"@id\":\"https:\\\/\\\/www.fischervonmollard.de\\\/?page_id=10#primaryimage\"},\"image\":{\"@id\":\"https:\\\/\\\/www.fischervonmollard.de\\\/?page_id=10#primaryimage\"},\"thumbnailUrl\":\"https:\\\/\\\/www.fischervonmollard.de\\\/wp-content\\\/uploads\\\/2024\\\/07\\\/IMG_7982.jpg\",\"datePublished\":\"2024-02-19T20:38:52+00:00\",\"dateModified\":\"2024-09-02T20:43:35+00:00\",\"breadcrumb\":{\"@id\":\"https:\\\/\\\/www.fischervonmollard.de\\\/?page_id=10#breadcrumb\"},\"inLanguage\":\"de\",\"potentialAction\":[{\"@type\":\"ReadAction\",\"target\":[\"https:\\\/\\\/www.fischervonmollard.de\\\/?page_id=10\"]}]},{\"@type\":\"ImageObject\",\"inLanguage\":\"de\",\"@id\":\"https:\\\/\\\/www.fischervonmollard.de\\\/?page_id=10#primaryimage\",\"url\":\"https:\\\/\\\/www.fischervonmollard.de\\\/wp-content\\\/uploads\\\/2024\\\/07\\\/IMG_7982.jpg\",\"contentUrl\":\"https:\\\/\\\/www.fischervonmollard.de\\\/wp-content\\\/uploads\\\/2024\\\/07\\\/IMG_7982.jpg\",\"width\":1600,\"height\":1200},{\"@type\":\"BreadcrumbList\",\"@id\":\"https:\\\/\\\/www.fischervonmollard.de\\\/?page_id=10#breadcrumb\",\"itemListElement\":[{\"@type\":\"ListItem\",\"position\":1,\"name\":\"Startseite\",\"item\":\"https:\\\/\\\/www.fischervonmollard.de\\\/\"},{\"@type\":\"ListItem\",\"position\":2,\"name\":\"Ensemblearbeit\"}]},{\"@type\":\"WebSite\",\"@id\":\"https:\\\/\\\/www.fischervonmollard.de\\\/#website\",\"url\":\"https:\\\/\\\/www.fischervonmollard.de\\\/\",\"name\":\"Christiane Fischer von Mollard\",\"description\":\"staatlich gepr\u00fcfte Musiklehrerin N\u00fcrnberg\",\"potentialAction\":[{\"@type\":\"SearchAction\",\"target\":{\"@type\":\"EntryPoint\",\"urlTemplate\":\"https:\\\/\\\/www.fischervonmollard.de\\\/?s={search_term_string}\"},\"query-input\":{\"@type\":\"PropertyValueSpecification\",\"valueRequired\":true,\"valueName\":\"search_term_string\"}}],\"inLanguage\":\"de\"}]}<\/script>\n<!-- \/ Yoast SEO plugin. -->","yoast_head_json":{"title":"Ensemblearbeit - Christiane Fischer-von-Mollard","robots":{"index":"index","follow":"follow","max-snippet":"max-snippet:-1","max-image-preview":"max-image-preview:large","max-video-preview":"max-video-preview:-1"},"canonical":"https:\/\/www.fischervonmollard.de\/?page_id=10","og_locale":"de_DE","og_type":"article","og_title":"Ensemblearbeit - Christiane Fischer-von-Mollard","og_description":"Neben dem Instrumentalunterricht ist es m\u00f6glich, an verschiedenen Ensembles teilzunehmen. Es besteht die M\u00f6glichkeit von Besetzungen, wie: Beratung von bestehenden Ensembles, u.a. Wir freuen uns \u00fcber fortgeschrittene Laien zur Verst\u00e4rkung unseres Querfl\u00f6tenensembles. Wir spielen in kleinerer Besetzung mit vier Fl\u00f6ten oder auch mit Alt- und Bassquerfl\u00f6te im Fl\u00f6tenchor. Die Literatur geht durch vier Jahrhunderte Fl\u00f6tengeschichte [&hellip;]","og_url":"https:\/\/www.fischervonmollard.de\/?page_id=10","og_site_name":"Christiane Fischer-von-Mollard","article_modified_time":"2024-09-02T20:43:35+00:00","og_image":[{"url":"https:\/\/www.fischervonmollard.de\/wp-content\/uploads\/2024\/07\/IMG_7982.jpg","type":"","width":"","height":""}],"twitter_card":"summary_large_image","twitter_misc":{"Gesch\u00e4tzte Lesezeit":"1\u00a0Minute"},"schema":{"@context":"https:\/\/schema.org","@graph":[{"@type":"WebPage","@id":"https:\/\/www.fischervonmollard.de\/?page_id=10","url":"https:\/\/www.fischervonmollard.de\/?page_id=10","name":"Ensemblearbeit - Christiane Fischer-von-Mollard","isPartOf":{"@id":"https:\/\/www.fischervonmollard.de\/#website"},"primaryImageOfPage":{"@id":"https:\/\/www.fischervonmollard.de\/?page_id=10#primaryimage"},"image":{"@id":"https:\/\/www.fischervonmollard.de\/?page_id=10#primaryimage"},"thumbnailUrl":"https:\/\/www.fischervonmollard.de\/wp-content\/uploads\/2024\/07\/IMG_7982.jpg","datePublished":"2024-02-19T20:38:52+00:00","dateModified":"2024-09-02T20:43:35+00:00","breadcrumb":{"@id":"https:\/\/www.fischervonmollard.de\/?page_id=10#breadcrumb"},"inLanguage":"de","potentialAction":[{"@type":"ReadAction","target":["https:\/\/www.fischervonmollard.de\/?page_id=10"]}]},{"@type":"ImageObject","inLanguage":"de","@id":"https:\/\/www.fischervonmollard.de\/?page_id=10#primaryimage","url":"https:\/\/www.fischervonmollard.de\/wp-content\/uploads\/2024\/07\/IMG_7982.jpg","contentUrl":"https:\/\/www.fischervonmollard.de\/wp-content\/uploads\/2024\/07\/IMG_7982.jpg","width":1600,"height":1200},{"@type":"BreadcrumbList","@id":"https:\/\/www.fischervonmollard.de\/?page_id=10#breadcrumb","itemListElement":[{"@type":"ListItem","position":1,"name":"Startseite","item":"https:\/\/www.fischervonmollard.de\/"},{"@type":"ListItem","position":2,"name":"Ensemblearbeit"}]},{"@type":"WebSite","@id":"https:\/\/www.fischervonmollard.de\/#website","url":"https:\/\/www.fischervonmollard.de\/","name":"Christiane Fischer von Mollard","description":"staatlich gepr\u00fcfte Musiklehrerin N\u00fcrnberg","potentialAction":[{"@type":"SearchAction","target":{"@type":"EntryPoint","urlTemplate":"https:\/\/www.fischervonmollard.de\/?s={search_term_string}"},"query-input":{"@type":"PropertyValueSpecification","valueRequired":true,"valueName":"search_term_string"}}],"inLanguage":"de"}]}},"_links":{"self":[{"href":"https:\/\/www.fischervonmollard.de\/index.php?rest_route=\/wp\/v2\/pages\/10","targetHints":{"allow":["GET"]}}],"collection":[{"href":"https:\/\/www.fischervonmollard.de\/index.php?rest_route=\/wp\/v2\/pages"}],"about":[{"href":"https:\/\/www.fischervonmollard.de\/index.php?rest_route=\/wp\/v2\/types\/page"}],"author":[{"embeddable":true,"href":"https:\/\/www.fischervonmollard.de\/index.php?rest_route=\/wp\/v2\/users\/1"}],"replies":[{"embeddable":true,"href":"https:\/\/www.fischervonmollard.de\/index.php?rest_route=%2Fwp%2Fv2%2Fcomments&post=10"}],"version-history":[{"count":8,"href":"https:\/\/www.fischervonmollard.de\/index.php?rest_route=\/wp\/v2\/pages\/10\/revisions"}],"predecessor-version":[{"id":215,"href":"https:\/\/www.fischervonmollard.de\/index.php?rest_route=\/wp\/v2\/pages\/10\/revisions\/215"}],"wp:attachment":[{"href":"https:\/\/www.fischervonmollard.de\/index.php?rest_route=%2Fwp%2Fv2%2Fmedia&parent=10"}],"curies":[{"name":"wp","href":"https:\/\/api.w.org\/{rel}","templated":true}]}}